{"id":138,"date":"2025-11-17T19:14:05","date_gmt":"2025-11-17T16:14:05","guid":{"rendered":"https:\/\/www.zagros-centre.org\/tr\/?page_id=138"},"modified":"2025-11-17T19:14:05","modified_gmt":"2025-11-17T16:14:05","slug":"bize-ulasin","status":"publish","type":"page","link":"https:\/\/www.zagros-centre.org\/tr\/bize-ulasin\/","title":{"rendered":"Bize ula\u015f\u0131n"},"content":{"rendered":"<p>Bizimle ileti\u015fime ge\u00e7mek i\u00e7in l\u00fctfen a\u015fa\u011f\u0131daki formu doldurun veya a\u015fa\u011f\u0131daki adrese e-posta g\u00f6nderin:<\/p>\n<p>info<span style=\"display: none;\">spam<\/span>@zagros-centre.org<\/p>\n    <div class=\"zagros-contact-wrapper\" dir=\"ltr\">\n        <form class=\"zagros-contact-form\" method=\"post\">\n            <h3 class=\"zagros-form-title\">\u0130leti\u015fim<\/h3>\n\n            \n            <input type=\"text\" name=\"zagros_hp\" value=\"\" style=\"display:none !important;\" autocomplete=\"off\">\n            <input type=\"hidden\" name=\"zagros_time\" value=\"1775287077\">\n\n            <div class=\"zagros-row\">\n                <label for=\"zagros_name\">\u0130sim *<\/label>\n                <input type=\"text\" id=\"zagros_name\" name=\"zagros_name\" value=\"\" required>\n            <\/div>\n\n            <div class=\"zagros-row\">\n                <label for=\"zagros_email\">E-posta *<\/label>\n                <input type=\"email\" id=\"zagros_email\" name=\"zagros_email\" value=\"\" required>\n            <\/div>\n\n            <div class=\"zagros-row\">\n                <label for=\"zagros_subject\">Konu<\/label>\n                <input type=\"text\" id=\"zagros_subject\" name=\"zagros_subject\" value=\"\">\n            <\/div>\n\n            <div class=\"zagros-row\">\n                <label for=\"zagros_message\">Mesaj *<\/label>\n                <textarea id=\"zagros_message\" name=\"zagros_message\" rows=\"6\" required><\/textarea>\n            <\/div>\n\n            <div class=\"zagros-row zagros-consent-row\">\n                <label class=\"zagros-consent-label\">\n                    <input type=\"checkbox\" name=\"zagros_consent\" value=\"1\"  required>\n                    <span>Bu formda girdi\u011fim verilerin benimle ileti\u015fim kurmak i\u00e7in kullan\u0131lmas\u0131n\u0131 kabul ediyorum.<\/span>\n                <\/label>\n            <\/div>\n\n                            <div class=\"zagros-row zagros-recaptcha-row\">\n                    <div class=\"g-recaptcha\" data-sitekey=\"6LfFiQ8sAAAAAM3CTbk8sAXxwhoOV9tQrbPOzxZn\"><\/div>\n                <\/div>\n            \n            <div class=\"zagros-row zagros-submit-row\">\n                <input type=\"hidden\" id=\"zagros_acf_nonce\" name=\"zagros_acf_nonce\" value=\"3fd5363c76\" \/><input type=\"hidden\" name=\"_wp_http_referer\" value=\"\/tr\/wp-json\/wp\/v2\/pages\/138\" \/>                <input type=\"hidden\" name=\"zagros_acf_form_submitted\" value=\"1\">\n                <button type=\"submit\" class=\"zagros-submit-btn\">G\u00f6nder<\/button>\n            <\/div>\n        <\/form>\n    <\/div>\n    \n","protected":false},"excerpt":{"rendered":"<p>Bizimle ileti\u015fime ge\u00e7mek i\u00e7in l\u00fctfen a\u015fa\u011f\u0131daki formu doldurun veya a\u015fa\u011f\u0131daki adrese e-posta g\u00f6nderin: infospam@zagros-centre.org<\/p>\n","protected":false},"author":1,"featured_media":0,"parent":0,"menu_order":0,"comment_status":"closed","ping_status":"closed","template":"","meta":{"footnotes":""},"class_list":["post-138","page","type-page","status-publish",""],"_links":{"self":[{"href":"https:\/\/www.zagros-centre.org\/tr\/wp-json\/wp\/v2\/pages\/138","targetHints":{"allow":["GET"]}}],"collection":[{"href":"https:\/\/www.zagros-centre.org\/tr\/wp-json\/wp\/v2\/pages"}],"about":[{"href":"https:\/\/www.zagros-centre.org\/tr\/wp-json\/wp\/v2\/types\/page"}],"author":[{"embeddable":true,"href":"https:\/\/www.zagros-centre.org\/tr\/wp-json\/wp\/v2\/users\/1"}],"replies":[{"embeddable":true,"href":"https:\/\/www.zagros-centre.org\/tr\/wp-json\/wp\/v2\/comments?post=138"}],"version-history":[{"count":1,"href":"https:\/\/www.zagros-centre.org\/tr\/wp-json\/wp\/v2\/pages\/138\/revisions"}],"predecessor-version":[{"id":140,"href":"https:\/\/www.zagros-centre.org\/tr\/wp-json\/wp\/v2\/pages\/138\/revisions\/140"}],"wp:attachment":[{"href":"https:\/\/www.zagros-centre.org\/tr\/wp-json\/wp\/v2\/media?parent=138"}],"curies":[{"name":"wp","href":"https:\/\/api.w.org\/{rel}","templated":true}]}}