{"id":79,"date":"2024-08-11T18:15:24","date_gmt":"2024-08-11T15:15:24","guid":{"rendered":"https:\/\/www.zagros-centre.org\/tr\/?page_id=79"},"modified":"2024-08-11T18:22:26","modified_gmt":"2024-08-11T15:22:26","slug":"zagros-insan-haklari-merkezi-tuzugu","status":"publish","type":"page","link":"https:\/\/www.zagros-centre.org\/tr\/zagros-insan-haklari-merkezi-tuzugu\/","title":{"rendered":"Zagros \u0130nsan Haklar\u0131 Merkezi T\u00fcz\u00fc\u011f\u00fc"},"content":{"rendered":"<p><a href=\"https:\/\/www.zagros-centre.org\/tr\/wp-content\/uploads\/2024\/08\/Zagros-Insan-Haklari-Merkezi-Tuzugu.pdf\"><img loading=\"lazy\" decoding=\"async\" class=\"size-full wp-image-83 alignnone\" src=\"https:\/\/www.zagros-centre.org\/tr\/wp-content\/uploads\/2024\/08\/pdf.png\" alt=\"\" width=\"100\" height=\"75\" \/><\/a><\/p>\n<p><strong>Ad\u0131 ve Merkezi\u00a0 <\/strong><\/p>\n<p><strong>Madde 1\u00a0 <\/strong><\/p>\n<p>&#8220;<strong>Zagros \u0130nsan Haklar\u0131 Merkezi<\/strong>&#8221; ad\u0131 alt\u0131nda (bundan b\u00f6yle &#8220;<strong><em>Zagros Merkezi<\/em><\/strong>&#8221; olarak an\u0131lacakt\u0131r), \u0130svi\u00e7re Medeni Kanunu\u2019nun 60. ve devam eden maddeleri uyar\u0131nca, \u00f6zel hukuk \u00e7er\u00e7evesinde kurulan bir dernektir. S\u00fcresi belirsizdir.<\/p>\n<p>&nbsp;<\/p>\n<p><strong>Madde 2\u00a0 <\/strong><\/p>\n<p>Derne\u011fin merkezi Cenevre&#8217;dedir. \u0130dari kurul karar\u0131yla ta\u015f\u0131nabilir.<\/p>\n<p>&nbsp;<\/p>\n<p><strong>Madde 3\u00a0 <\/strong><\/p>\n<p>Dernek, siyasi ve dini a\u00e7\u0131dan tarafs\u0131zd\u0131r.<\/p>\n<p>&nbsp;<\/p>\n<p><strong>Ama\u00e7lar\u00a0 <\/strong><\/p>\n<p><strong>Madde 4\u00a0 <\/strong><\/p>\n<p>Derne\u011fin amac\u0131:<\/p>\n<ul>\n<li>\u0130nsan haklar\u0131n\u0131 te\u015fvik etmek;<\/li>\n<li>Sosyal geli\u015fimi desteklemek;<\/li>\n<li>Kad\u0131n ve erkek aras\u0131ndaki e\u015fitli\u011fi te\u015fvik etmek;<\/li>\n<li>\u00c7ocuk haklar\u0131n\u0131 savunmak;<\/li>\n<li>Yerli halklar\u0131n, etnik ve ulusal az\u0131nl\u0131klar\u0131n haklar\u0131n\u0131 korumak;<\/li>\n<li>\u00d6l\u00fcm cezas\u0131n\u0131n kald\u0131r\u0131lmas\u0131 i\u00e7in \u00e7al\u0131\u015fmak;<\/li>\n<li>Do\u011fan\u0131n ve \u00e7evrenin korunmas\u0131n\u0131 te\u015fvik etmektir.<\/li>\n<\/ul>\n<p>&nbsp;<\/p>\n<p><strong>Kaynaklar\u00a0 <\/strong><\/p>\n<p><strong>Madde 5\u00a0 <\/strong><\/p>\n<p>Derne\u011fin kaynaklar\u0131 \u015funlardan olu\u015fur:<\/p>\n<ul>\n<li>\u00dcyelik aidatlar\u0131;<\/li>\n<li>Devlet ve kamu kurumlar\u0131ndan gelen yard\u0131mlar;<\/li>\n<li>\u00d6zel ki\u015fi ve \u015firketlerden gelen ba\u011f\u0131\u015flar;<\/li>\n<li>Y\u00fcr\u00fcrl\u00fckteki kanun ve d\u00fczenlemelere uygun di\u011fer t\u00fcm kaynaklar.<\/li>\n<\/ul>\n<p>&nbsp;<\/p>\n<p><strong>\u00dcyeler\u00a0 <\/strong><\/p>\n<p><strong>Madde 6\u00a0 <\/strong><\/p>\n<p>Bu t\u00fcz\u00fc\u011f\u00fcn 3. maddesinde belirlenen hedefleri ger\u00e7ekle\u015ftirmekle ilgilenen her ger\u00e7ek veya t\u00fczel ki\u015fi derne\u011fe \u00fcye olabilir.<\/p>\n<p>&nbsp;<\/p>\n<p><strong>Madde 7\u00a0 <\/strong><\/p>\n<p>Dernek iki kategori \u00fcyeden olu\u015fur:<\/p>\n<ul>\n<li>Aktif \u00fcyeler: Dernek faaliyetlerine aktif olarak kat\u0131l\u0131rlar. Bu, toplant\u0131lara, projelere, etkinliklere, kampanyalara veya di\u011fer giri\u015fimlere kat\u0131l\u0131m\u0131 i\u00e7erebilir. Bu t\u00fcr \u00fcyeler, derne\u011fi mali olarak desteklemek i\u00e7in y\u0131ll\u0131k aidat veya \u00fcyelik \u00fccretleri \u00f6demek zorundad\u0131rlar. Aktif \u00fcyeler, genel kurullarda oy kullanma hakk\u0131 da dahil olmak \u00fczere, derne\u011fin kararlar\u0131na ve faaliyetlerine aktif olarak kat\u0131lma hakk\u0131na sahiptirler.<\/li>\n<\/ul>\n<p>&nbsp;<\/p>\n<ul>\n<li>Onursal \u00fcyeler: Derne\u011fe yapt\u0131klar\u0131 ola\u011fan\u00fcst\u00fc katk\u0131lar nedeniyle onursal \u00fcye olarak atan\u0131rlar. Bu katk\u0131lar, mali, entelekt\u00fcel, g\u00f6n\u00fcll\u00fc veya ba\u015fka \u015fekillerde olabilir. Aktif \u00fcyelerin aksine, onursal \u00fcyeler aidat veya \u00fcyelik \u00fccreti \u00f6demek zorunda de\u011fildir. Ancak, onursal \u00fcyelerin dernek i\u00e7inde oy kullanma hakk\u0131 yoktur.<\/li>\n<\/ul>\n<p>&nbsp;<\/p>\n<p><strong>Madde 8\u00a0 <\/strong><\/p>\n<p>\u00dcyelik ba\u015fvurular\u0131 Komiteye sunulur. Komite yeni \u00fcyeleri kabul eder ve Genel Kurul\u2019a bilgi verir.<\/p>\n<p>&nbsp;<\/p>\n<p><strong>Madde 9\u00a0 <\/strong><\/p>\n<p>\u00dcyelik \u015fu yollarla kaybedilebilir:<\/p>\n<p>&#8211; \u0130stifa;<\/p>\n<p>&#8211; Hakl\u0131 nedenlerle Komite karar\u0131yla \u00e7\u0131kar\u0131lma;<\/p>\n<p>&#8211; \u0130\u00e7inde bulunulan y\u0131l\u0131n ilk alt\u0131 ay\u0131nda aidat\u0131n \u00f6denmemesi;<\/p>\n<p>&#8211; Belirlenen s\u00fcrenin sona ermesi. Her durumda, y\u0131l\u0131n aidat\u0131 hala \u00f6denmek zorundad\u0131r. \u0130stifa eden veya \u00e7\u0131kar\u0131lan \u00fcyelerin aidat iadesi hakk\u0131 yoktur.<\/p>\n<p>&nbsp;<\/p>\n<p><strong>Organlar\u00a0 <\/strong><\/p>\n<p><strong>Madde 10\u00a0 <\/strong><\/p>\n<p>Derne\u011fin organlar\u0131 \u015funlard\u0131r:<\/p>\n<p>&#8211; Genel Kurul;<\/p>\n<p>&#8211; \u0130dari Kurul;<\/p>\n<p>&#8211; Hesap Denetleme Organ\u0131.<\/p>\n<p>&nbsp;<\/p>\n<p><strong>Genel Kurul\u00a0 <\/strong><\/p>\n<p><strong>Madde 11\u00a0 <\/strong><\/p>\n<p>Genel Kurul, Derne\u011fin en \u00fcst organ\u0131d\u0131r. T\u00fcm aktif \u00fcyelerden olu\u015fur ve \u0130dari Kurul&#8217;un daveti \u00fczerine y\u0131lda en az bir kez toplan\u0131r.<\/p>\n<p>&nbsp;<\/p>\n<p><strong>Madde 12\u00a0 <\/strong><\/p>\n<p>Genel Kurul, Komite Ba\u015fkan\u0131 veya komite \u00fcyelerinden biri taraf\u0131ndan y\u00f6netilir. Ayr\u0131ca, Genel Kurul\u2019a yard\u0131mc\u0131 olmak \u00fczere bir sekreter atan\u0131r.<\/p>\n<p>&nbsp;<\/p>\n<p><strong>Madde 13\u00a0 <\/strong><\/p>\n<p>Oylamalar el kald\u0131rarak yap\u0131l\u0131r, ancak en az \u00fc\u00e7te bir \u00fcyenin talebi \u00fczerine gizli oylama yap\u0131l\u0131r. Vekaletle oy kullanma yetkisi yoktur.<\/p>\n<p>&nbsp;<\/p>\n<p><strong>Madde 14\u00a0 <\/strong><\/p>\n<p>Genel Kurul\u2019un kararlar\u0131, mevcut \u00fcyelerin salt \u00e7o\u011funlu\u011fu ile al\u0131n\u0131r. E\u015fitlik durumunda, ba\u015fkan\u0131n oyu \u00fcst\u00fcn gelir. Ancak, t\u00fcz\u00fck de\u011fi\u015fikli\u011fi, Derne\u011fin feshi ve bir \u00fcyenin ihrac\u0131 gibi kararlar, mevcut \u00fcyelerin \u00fc\u00e7te ikisinin oyunu gerektirir.<\/p>\n<p>&nbsp;<\/p>\n<p><strong>Madde 15\u00a0 <\/strong><\/p>\n<p>Genel Kurul, a\u015fa\u011f\u0131daki konularda yetkilidir:<\/p>\n<ul>\n<li>Son Genel Kurul\u2019un tutanaklar\u0131n\u0131 onaylamak;<\/li>\n<li>\u0130dari Kurul ve hesap denetleme organ\u0131 \u00fcyelerini se\u00e7mek ve g\u00f6revden almak;<\/li>\n<li>Y\u0131ll\u0131k hesaplar\u0131 ve tahmini b\u00fct\u00e7eyi onaylamak;<\/li>\n<li>Y\u0131ll\u0131k aidat miktar\u0131n\u0131 belirlemek;<\/li>\n<li>T\u00fcz\u00fckte de\u011fi\u015fiklik yapmak;<\/li>\n<li>Bir \u00fcyenin ihrac\u0131;<\/li>\n<li>Derne\u011fin feshi.<\/li>\n<\/ul>\n<p>&nbsp;<\/p>\n<p><strong>\u0130dari Kurul\u00a0 <\/strong><\/p>\n<p><strong>Madde 16\u00a0 <\/strong><\/p>\n<p>Dernek, \u00fc\u00e7 \u00fcyeden olu\u015fan bir \u0130dari Kurul taraf\u0131ndan y\u00f6netilir:<\/p>\n<ul>\n<li>Bir ba\u015fkan;<\/li>\n<li>Bir idari m\u00fcd\u00fcr;<\/li>\n<li>Bir sayman.<\/li>\n<\/ul>\n<p>&nbsp;<\/p>\n<p>Madde 17<\/p>\n<p>\u0130dari Kurul, derne\u011fin g\u00fcnl\u00fck i\u015fleyi\u015fini sa\u011flar, derne\u011fi sivil i\u015flerde temsil eder ve bu ama\u00e7la gerekli yetkilere sahiptir.<\/p>\n<p>&nbsp;<\/p>\n<p><strong>Madde 18\u00a0 <\/strong><\/p>\n<p>\u0130dari Kurul&#8217;a se\u00e7ilebilmek i\u00e7in bir \u00fcyenin \u015fu \u015fartlar\u0131 ta\u015f\u0131mas\u0131 gerekir:<\/p>\n<ul>\n<li>En az bir y\u0131l boyunca derne\u011fin aktif \u00fcyesi olmak;<\/li>\n<li>Aidat \u00f6demelerini d\u00fczenli olarak yapmak;<\/li>\n<li>Benzer hedeflere sahip di\u011fer derneklerde y\u00f6netim veya sorumluluk pozisyonlar\u0131nda bulunmamak.<\/li>\n<\/ul>\n<p>&nbsp;<\/p>\n<p><strong>Madde 19\u00a0 <\/strong><\/p>\n<p>\u0130dari Kurul, en az \u00fc\u00e7 ayda bir ve ba\u015fkan\u0131n talebi \u00fczerine toplan\u0131r. \u00dcyeler, en az on be\u015f g\u00fcn \u00f6nceden g\u00fcndem ile birlikte yaz\u0131l\u0131 olarak davet edilirler. \u00dcyelerin \u00f6nerileri, en az on g\u00fcn \u00f6nceden sunulursa Genel Kurul\u2019un g\u00fcndemine al\u0131n\u0131r.<\/p>\n<p>&nbsp;<\/p>\n<p><strong>Madde 20\u00a0 <\/strong><\/p>\n<p>\u0130dari Kurul\u2019un \u00fcyeleri, Genel Kurul taraf\u0131ndan bir y\u0131l i\u00e7in se\u00e7ilir ve yeniden se\u00e7ilebilirler. Komite kararlar\u0131, salt \u00e7o\u011funlukla al\u0131n\u0131r. E\u015fitlik durumunda, ba\u015fkan\u0131n oyu \u00fcst\u00fcn gelir.<\/p>\n<p>&nbsp;<\/p>\n<p><strong>Madde 21\u00a0 <\/strong><\/p>\n<p>Komite \u015fu g\u00f6revleri \u00fcstlenir:<\/p>\n<ul>\n<li>Mali Y\u00f6netim ve Karar Alma: Derne\u011fin finanslar\u0131n\u0131, \u00fcye aidatlar\u0131, devlet yard\u0131mlar\u0131, ba\u011f\u0131\u015flar ve di\u011fer gelirler dahil olmak \u00fczere \u00f6zenle y\u00f6netir. Ge\u00e7erli mali yasalarla uyum sa\u011flanmas\u0131 \u00f6nceliklidir. Ayr\u0131ca, \u0130dari Kurul, d\u00fczenli toplant\u0131lar\u0131nda faaliyetlerin planlanmas\u0131, kaynaklar\u0131n y\u00f6netimi ve derne\u011fin yasal temsilcili\u011fi ile ilgili kritik kararlar al\u0131r. Kararlar salt \u00e7o\u011funlukla al\u0131n\u0131r ve ba\u015fkan e\u015fitlik durumunda karar verir.<\/li>\n<\/ul>\n<p>&nbsp;<\/p>\n<ul>\n<li>Yasal Temsil ve Toplant\u0131lar: \u0130dari Kurul, derne\u011fin \u00e7e\u015fitli i\u015flemlerinde ve s\u00f6zle\u015fmelerinde yasal temsilcisi olarak hareket eder. En az \u00fc\u00e7 ayda bir d\u00fczenli olarak toplan\u0131r ve gerekti\u011finde ba\u015fkan taraf\u0131ndan toplant\u0131ya \u00e7a\u011fr\u0131l\u0131r. \u00dcyelere, toplant\u0131dan en az on be\u015f g\u00fcn \u00f6nce yaz\u0131l\u0131 olarak g\u00fcndem ile birlikte davet g\u00f6nderilir. \u00dcyelerin \u00f6nerileri, toplant\u0131dan en az on g\u00fcn \u00f6nce sunulursa Genel Kurul\u2019un g\u00fcndemine al\u0131nabilir. Toplant\u0131lar, \u015feffafl\u0131\u011f\u0131 sa\u011flamak i\u00e7in kaydedilir.<\/li>\n<\/ul>\n<p>&nbsp;<\/p>\n<ul>\n<li>Di\u011fer Sorumluluklar: Bu mali, karar alma ve yasal sorumluluklara ek olarak, \u0130dari Kurul ba\u015fka \u00f6nemli g\u00f6revlerle de ilgilenir. Derne\u011fin hedeflerine ula\u015fmak i\u00e7in gerekli ad\u0131mlar\u0131 atar, ola\u011fan ve ola\u011fan\u00fcst\u00fc genel kurullar\u0131 toplar, \u00fcyelik, istifa ve \u00fcyelikten \u00e7\u0131karma kararlar\u0131n\u0131 verir ve t\u00fcz\u00fc\u011f\u00fcn uygulanmas\u0131n\u0131, d\u00fczenlemelerin haz\u0131rlanmas\u0131n\u0131 ve Derne\u011fin malvarl\u0131\u011f\u0131n\u0131n y\u00f6netimini sa\u011flar. Bu ortak \u00e7abalar, derne\u011fin hedeflerini ger\u00e7ekle\u015ftirmedeki s\u00fcrekli etkinli\u011fine katk\u0131da bulunur.<\/li>\n<\/ul>\n<p>&nbsp;<\/p>\n<p><strong>Madde 22\u00a0 <\/strong><\/p>\n<p>Komite, Genel Kurul taraf\u0131ndan se\u00e7ilen iki denet\u00e7i taraf\u0131ndan incelenen derne\u011fin hesaplar\u0131n\u0131 tutar. Denet\u00e7iler, Genel Kurul\u2019a bir rapor sunar.<\/p>\n<p>&nbsp;<\/p>\n<p><strong>Madde 23\u00a0 <\/strong><\/p>\n<p>G\u00f6rev s\u00fcresi i\u00e7inde bir \u00fcyenin g\u00f6revden al\u0131nmas\u0131 veya istifas\u0131 durumunda, Komite, bir sonraki Genel Kurul\u2019a kadar bir yedek \u00fcye atayabilir.<\/p>\n<p>&nbsp;<\/p>\n<p><strong>Madde 24\u00a0 <\/strong><\/p>\n<p>Komite, Dernek i\u00e7inden veya d\u0131\u015f\u0131ndan s\u0131n\u0131rl\u0131 s\u00fcreli g\u00f6revleri ki\u015filere verebilir. \u00dccretli veya g\u00f6n\u00fcll\u00fc \u00e7al\u0131\u015fanlar\u0131 i\u015fe alabilir ve i\u015ften \u00e7\u0131karabilir. Derne\u011fin \u00fccretli \u00e7al\u0131\u015fanlar\u0131, komitede dan\u0131\u015fman olarak oy hakk\u0131na sahiptir.<\/p>\n<p>&nbsp;<\/p>\n<p><strong>Madde 25\u00a0 <\/strong><\/p>\n<p>Komite \u00fcyeleri g\u00f6n\u00fcll\u00fc olarak \u00e7al\u0131\u015f\u0131r ve ger\u00e7ek masraf ve seyahat giderlerinin tazminat\u0131n\u0131 talep edebilirler. Kat\u0131l\u0131m \u00fccretleri, resmi komisyonlar i\u00e7in verilenlerden fazla olamaz. Ola\u011fan\u00fcst\u00fc faaliyetler i\u00e7in bir tazminat d\u00fc\u015f\u00fcn\u00fclebilir.<\/p>\n<p>&nbsp;<\/p>\n<p><strong>\u00c7e\u015fitli H\u00fck\u00fcmler\u00a0 <\/strong><\/p>\n<p><strong>Madde 26\u00a0 <\/strong><\/p>\n<p>Mali y\u0131l, her y\u0131l 1 Ocak&#8217;ta ba\u015flar ve 31 Aral\u0131k&#8217;ta sona erer.<\/p>\n<p>&nbsp;<\/p>\n<p><strong>Madde 27\u00a0 <\/strong><\/p>\n<p>Hesap denetleme organ\u0131, Derne\u011fin mali y\u00f6netimini denetler ve Genel Kurul\u2019a bir rapor sunar. \u0130ki denet\u00e7i ve bir yedekten olu\u015fur; bu ki\u015filer, Dernek \u00fcyesi olabilir ya da olmayabilir.<\/p>\n<p>&nbsp;<\/p>\n<p><strong>Madde 28\u00a0 <\/strong><\/p>\n<p>Derne\u011fin feshi durumunda, tasfiye Komiteye b\u0131rak\u0131l\u0131r. Herhangi bir bakiye, benzer ama\u00e7lara sahip, vergi muafiyeti olan bir kurulu\u015fa devredilir. Kuruculara veya \u00fcyelere herhangi bir mal devredilemez veya onlar\u0131n lehine kullan\u0131lamaz.<\/p>\n<p>&nbsp;<\/p>\n<p><strong>Madde 29\u00a0 <\/strong><\/p>\n<p>Komite, derne\u011fin i\u00e7 i\u015fleyi\u015fini d\u00fczenlemek amac\u0131yla t\u00fcz\u00fckte \u00f6ng\u00f6r\u00fclmeyen konular\u0131 kapsayan bir i\u00e7 y\u00f6netmelik haz\u0131rlayabilir.<\/p>\n<p>&nbsp;<\/p>\n<p><strong>Cenevre&#8217;de, 05 Kas\u0131m 2023 tarihinde yap\u0131lm\u0131\u015ft\u0131r.<\/strong><\/p>\n<p>&nbsp;<\/p>\n<p>Zagros \u0130nsan Haklar\u0131 Merkezi ad\u0131na,<\/p>\n<p>Komite Ba\u015fkan\u0131\u00a0\u00a0\u00a0\u00a0\u00a0\u00a0\u00a0\u00a0\u00a0\u00a0\u00a0\u00a0\u00a0\u00a0\u00a0\u00a0\u00a0\u00a0\u00a0\u00a0\u00a0\u00a0\u00a0\u00a0\u00a0\u00a0\u00a0\u00a0\u00a0\u00a0\u00a0\u00a0\u00a0\u00a0\u00a0\u00a0\u00a0\u00a0\u00a0\u00a0\u00a0\u00a0\u00a0\u00a0\u00a0 \u00a0\u00a0\u00a0\u00a0\u00a0\u00a0\u00a0\u00a0\u00a0\u0130dari Direkt\u00f6r<\/p>\n<p>Mohammad Azad SALAWATI\u00a0\u00a0\u00a0\u00a0\u00a0\u00a0\u00a0\u00a0\u00a0\u00a0\u00a0\u00a0\u00a0\u00a0\u00a0\u00a0\u00a0\u00a0\u00a0\u00a0\u00a0\u00a0\u00a0\u00a0\u00a0\u00a0\u00a0\u00a0\u00a0\u00a0\u00a0 Samira MOHAMAD<\/p>\n","protected":false},"excerpt":{"rendered":"<p>Ad\u0131 ve Merkezi\u00a0 Madde 1\u00a0 &#8220;Zagros \u0130nsan Haklar\u0131 Merkezi&#8221; ad\u0131 alt\u0131nda (bundan b\u00f6yle &#8220;Zagros Merkezi&#8221; olarak an\u0131lacakt\u0131r), \u0130svi\u00e7re Medeni Kanunu\u2019nun 60. ve devam eden maddeleri uyar\u0131nca, \u00f6zel hukuk \u00e7er\u00e7evesinde kurulan bir dernektir. S\u00fcresi belirsizdir. &nbsp; Madde 2\u00a0 Derne\u011fin merkezi Cenevre&#8217;dedir. \u0130dari kurul karar\u0131yla ta\u015f\u0131nabilir. &nbsp; Madde 3\u00a0 Dernek, siyasi ve dini a\u00e7\u0131dan tarafs\u0131zd\u0131r. &nbsp; Ama\u00e7lar\u00a0 &hellip;<\/p>\n","protected":false},"author":1,"featured_media":0,"parent":0,"menu_order":0,"comment_status":"closed","ping_status":"closed","template":"","meta":{"footnotes":""},"class_list":["post-79","page","type-page","status-publish",""],"_links":{"self":[{"href":"https:\/\/www.zagros-centre.org\/tr\/wp-json\/wp\/v2\/pages\/79","targetHints":{"allow":["GET"]}}],"collection":[{"href":"https:\/\/www.zagros-centre.org\/tr\/wp-json\/wp\/v2\/pages"}],"about":[{"href":"https:\/\/www.zagros-centre.org\/tr\/wp-json\/wp\/v2\/types\/page"}],"author":[{"embeddable":true,"href":"https:\/\/www.zagros-centre.org\/tr\/wp-json\/wp\/v2\/users\/1"}],"replies":[{"embeddable":true,"href":"https:\/\/www.zagros-centre.org\/tr\/wp-json\/wp\/v2\/comments?post=79"}],"version-history":[{"count":3,"href":"https:\/\/www.zagros-centre.org\/tr\/wp-json\/wp\/v2\/pages\/79\/revisions"}],"predecessor-version":[{"id":87,"href":"https:\/\/www.zagros-centre.org\/tr\/wp-json\/wp\/v2\/pages\/79\/revisions\/87"}],"wp:attachment":[{"href":"https:\/\/www.zagros-centre.org\/tr\/wp-json\/wp\/v2\/media?parent=79"}],"curies":[{"name":"wp","href":"https:\/\/api.w.org\/{rel}","templated":true}]}}